{"id":67,"date":"2018-05-10T11:46:18","date_gmt":"2018-05-10T14:46:18","guid":{"rendered":"http:\/\/dgospel.com.br\/portal\/?page_id=67"},"modified":"2018-05-11T11:54:24","modified_gmt":"2018-05-11T14:54:24","slug":"quem-somos-2","status":"publish","type":"page","link":"https:\/\/dgospel.com.br\/portal\/index.php\/quem-somos-2\/","title":{"rendered":"Quem somos"},"content":{"rendered":"<p><strong>Quem somos:<\/strong><\/p>\n<p>&nbsp;<\/p>\n<p><strong>\u00a0O site Di\u00e1rio Gospel (dgospel.com.br)<\/strong> \u00e9 um site crist\u00e3o\/evang\u00e9lico voltado para divulga\u00e7\u00e3o e informa\u00e7\u00e3o do povo de Deus. Apesar de encontrarmos tantas coisas in\u00fateis na internet, acreditamos que podemos us\u00e1-la para o crescimento do Reino de Deus.<\/p>\n<p>&nbsp;<\/p>\n<p>O site foi criado em abril de 2008, e pertence a Empresa de Comunica\u00e7\u00e3o <strong>PUTENCIO COMUNICA\u00c7\u00c3O, <\/strong>e \u00e9 de responsabilidade de uma equipe totalmente preparada e dependente de Deus.<\/p>\n<p>&nbsp;<\/p>\n<p>&nbsp;<\/p>\n<p><strong>Nossa miss\u00e3o<\/strong><\/p>\n<p>Nosso objetivo \u00e9 usar a internet para levar a todos os interessados, independente da cren\u00e7a, todas as informa\u00e7\u00f5es e not\u00edcias do mundo gospel que acontecem no Brasil e no mundo, divulgar a Palavra de Deus e contribuir para a forma\u00e7\u00e3o de uma sociedade mais justa e temente a Deus.<\/p>\n<p><strong>Nossa f\u00e9<\/strong><\/p>\n<ol>\n<li>\nCremos que as Escrituras Sagradas, compostas do Antigo e Novo Testamentos, s\u00e3o inteiramente inspiradas por Deus, infal\u00edveis na sua composi\u00e7\u00e3o original e completamente dignas de confian\u00e7a em quaisquer \u00e1reas que venham a se expressar, sendo tamb\u00e9m a autoridade final e suprema de f\u00e9 e conduta;<\/li>\n<li>\nCremos que h\u00e1 um s\u00f3 Deus eterno, poderoso e perfeito, distinto em sua trindade: Pai, Filho e Esp\u00edrito Santo;<\/li>\n<li>\nCremos que Jesus Cristo nasceu do Esp\u00edrito Santo e da virgem Maria, sendo verdadeiro Deus e verdadeiro Homem e o \u00fanico mediador entre Deus e o homem.<\/li>\n<\/ol>\n<p><strong>\u00a0<\/strong><\/p>\n<ol start=\"4\">\n<li>Cremos que o Esp\u00edrito Santo \u00e9 o regenerador e santificador dos redimidos, o doador dos dons e frutos espirituais, o Consolador permanente e Mestre da Igreja;<\/li>\n<li>\nCremos que em Ad\u00e3o a humanidade foi criada \u00e0 imagem e semelhan\u00e7a de Deus. Devido \u00e0 queda de Ad\u00e3o, a humanidade tornou-se radicalmente corrupta e distanciada de Deus. O essencial para o homem \u00e9 a restaura\u00e7\u00e3o de sua comunh\u00e3o com Deus, a qual o homem \u00e9 incapaz de operar por si mesmo;<\/li>\n<li>\nCremos na salva\u00e7\u00e3o eterna, dom de Deus, tem sido providenciado para o homem unicamente pela gra\u00e7a do Senhor e pela morte vic\u00e1ria de Cristo Jesus;<\/li>\n<li>\nCremos que Jesus Cristo ressuscitou fisicamente dentre os mortos, ascendeu aos c\u00e9us e voltar\u00e1 na consuma\u00e7\u00e3o dos s\u00e9culos para julgar os homens;<\/li>\n<li>\nCremos que a Igreja crist\u00e3, o corpo e a noiva de Cristo, \u00e9 consagrada \u00e0 adora\u00e7\u00e3o e ao servi\u00e7o de Deus atrav\u00e9s da proclama\u00e7\u00e3o fiel da Palavra de Deus;<\/li>\n<\/ol>\n<p>&nbsp;<\/p>\n<ol start=\"9\">\n<li>Cremos que a tarefa da Igreja \u00e9 ensinar a todas as na\u00e7\u00f5es, fazendo com que o Evangelho produza frutos em cada aspecto da vida e do pensamento. A miss\u00e3o suprema da Igreja \u00e9 a salva\u00e7\u00e3o das almas. Deus transforma a natureza humana, tornando-se isto, ent\u00e3o, o meio para a reden\u00e7\u00e3o da sociedade.<\/li>\n<\/ol>\n","protected":false},"excerpt":{"rendered":"<p>Quem somos: &nbsp; \u00a0O site Di\u00e1rio Gospel (dgospel.com.br) \u00e9 um site crist\u00e3o\/evang\u00e9lico voltado para divulga\u00e7\u00e3o e informa\u00e7\u00e3o do povo de Deus. Apesar de encontrarmos tantas coisas in\u00fateis na internet, acreditamos que podemos us\u00e1-la para o crescimento do Reino de Deus. &nbsp; O site foi criado em abril de 2008, e pertence a Empresa de Comunica\u00e7\u00e3o [&hellip;]<\/p>\n","protected":false},"author":1,"featured_media":0,"parent":0,"menu_order":0,"comment_status":"closed","ping_status":"closed","template":"","meta":[],"_links":{"self":[{"href":"https:\/\/dgospel.com.br\/portal\/index.php\/wp-json\/wp\/v2\/pages\/67"}],"collection":[{"href":"https:\/\/dgospel.com.br\/portal\/index.php\/wp-json\/wp\/v2\/pages"}],"about":[{"href":"https:\/\/dgospel.com.br\/portal\/index.php\/wp-json\/wp\/v2\/types\/page"}],"author":[{"embeddable":true,"href":"https:\/\/dgospel.com.br\/portal\/index.php\/wp-json\/wp\/v2\/users\/1"}],"replies":[{"embeddable":true,"href":"https:\/\/dgospel.com.br\/portal\/index.php\/wp-json\/wp\/v2\/comments?post=67"}],"version-history":[{"count":2,"href":"https:\/\/dgospel.com.br\/portal\/index.php\/wp-json\/wp\/v2\/pages\/67\/revisions"}],"predecessor-version":[{"id":108,"href":"https:\/\/dgospel.com.br\/portal\/index.php\/wp-json\/wp\/v2\/pages\/67\/revisions\/108"}],"wp:attachment":[{"href":"https:\/\/dgospel.com.br\/portal\/index.php\/wp-json\/wp\/v2\/media?parent=67"}],"curies":[{"name":"wp","href":"https:\/\/api.w.org\/{rel}","templated":true}]}}